{"id":619,"date":"2022-12-13T16:37:22","date_gmt":"2022-12-13T15:37:22","guid":{"rendered":"https:\/\/splendid-selection.localsite.io\/?page_id=619"},"modified":"2022-12-13T16:54:58","modified_gmt":"2022-12-13T15:54:58","slug":"mekmester","status":"publish","type":"page","link":"https:\/\/kalrental.com\/de\/mekmester\/","title":{"rendered":"Mekmester"},"content":{"rendered":"<div data-elementor-type=\"wp-page\" data-elementor-id=\"619\" class=\"elementor elementor-619\" data-elementor-post-type=\"page\">\n\t\t\t\t\t\t<section class=\"elementor-section elementor-top-section elementor-element elementor-element-fa52f76 elementor-section-boxed elementor-section-height-default elementor-section-height-default\" data-id=\"fa52f76\" data-element_type=\"section\">\n\t\t\t\t\t\t<div class=\"elementor-container elementor-column-gap-default\">\n\t\t\t\t\t<div class=\"elementor-column elementor-col-100 elementor-top-column elementor-element elementor-element-fecd8cf\" data-id=\"fecd8cf\" data-element_type=\"column\">\n\t\t\t<div class=\"elementor-widget-wrap elementor-element-populated\">\n\t\t\t\t\t\t<div class=\"elementor-element elementor-element-269e3e1 elementor-widget elementor-widget-heading\" data-id=\"269e3e1\" data-element_type=\"widget\" data-widget_type=\"heading.default\">\n\t\t\t\t<div class=\"elementor-widget-container\">\n\t\t\t\t\t<h2 class=\"elementor-heading-title elementor-size-default\">Hybrid<\/h2>\t\t\t\t<\/div>\n\t\t\t\t<\/div>\n\t\t\t\t\t<\/div>\n\t\t<\/div>\n\t\t\t\t\t<\/div>\n\t\t<\/section>\n\t\t\t\t<section class=\"elementor-section elementor-top-section elementor-element elementor-element-2c2e0be elementor-section-boxed elementor-section-height-default elementor-section-height-default\" data-id=\"2c2e0be\" data-element_type=\"section\">\n\t\t\t\t\t\t<div class=\"elementor-container elementor-column-gap-default\">\n\t\t\t\t\t<div class=\"elementor-column elementor-col-100 elementor-top-column elementor-element elementor-element-96abf8f\" data-id=\"96abf8f\" data-element_type=\"column\">\n\t\t\t<div class=\"elementor-widget-wrap elementor-element-populated\">\n\t\t\t\t\t\t<div class=\"elementor-element elementor-element-2aaec15 elementor-widget elementor-widget-image\" data-id=\"2aaec15\" data-element_type=\"widget\" data-widget_type=\"image.default\">\n\t\t\t\t<div class=\"elementor-widget-container\">\n\t\t\t\t\t\t\t\t\t\t\t\t\t\t\t<img fetchpriority=\"high\" decoding=\"async\" width=\"800\" height=\"343\" src=\"https:\/\/kalrental.com\/wp-content\/uploads\/2022\/12\/3-1024x439.jpg\" class=\"attachment-large size-large wp-image-328\" alt=\"\" srcset=\"https:\/\/kalrental.com\/wp-content\/uploads\/2022\/12\/3-1024x439.jpg 1024w, https:\/\/kalrental.com\/wp-content\/uploads\/2022\/12\/3-600x257.jpg 600w, https:\/\/kalrental.com\/wp-content\/uploads\/2022\/12\/3-300x129.jpg 300w, https:\/\/kalrental.com\/wp-content\/uploads\/2022\/12\/3-768x329.jpg 768w, https:\/\/kalrental.com\/wp-content\/uploads\/2022\/12\/3.jpg 1050w\" sizes=\"(max-width: 800px) 100vw, 800px\" \/>\t\t\t\t\t\t\t\t\t\t\t\t\t\t\t<\/div>\n\t\t\t\t<\/div>\n\t\t\t\t\t<\/div>\n\t\t<\/div>\n\t\t\t\t\t<\/div>\n\t\t<\/section>\n\t\t\t\t<section class=\"elementor-section elementor-top-section elementor-element elementor-element-24555c7 elementor-section-boxed elementor-section-height-default elementor-section-height-default\" data-id=\"24555c7\" data-element_type=\"section\">\n\t\t\t\t\t\t<div class=\"elementor-container elementor-column-gap-default\">\n\t\t\t\t\t<div class=\"elementor-column elementor-col-100 elementor-top-column elementor-element elementor-element-c0c41df\" data-id=\"c0c41df\" data-element_type=\"column\">\n\t\t\t<div class=\"elementor-widget-wrap elementor-element-populated\">\n\t\t\t\t\t\t<div class=\"elementor-element elementor-element-963572e elementor-widget elementor-widget-heading\" data-id=\"963572e\" data-element_type=\"widget\" data-widget_type=\"heading.default\">\n\t\t\t\t<div class=\"elementor-widget-container\">\n\t\t\t\t\t<h2 class=\"elementor-heading-title elementor-size-default\">A FOX AUTORENT t\u00f6bb mint 25 \u00e9ve, 1988 \u00f3ta jelen van Magyarorsz\u00e1gon.<\/h2>\t\t\t\t<\/div>\n\t\t\t\t<\/div>\n\t\t\t\t\t<\/div>\n\t\t<\/div>\n\t\t\t\t\t<\/div>\n\t\t<\/section>\n\t\t\t\t<\/div>","protected":false},"excerpt":{"rendered":"<p>Hybrid A FOX AUTORENT t\u00f6bb mint 25 \u00e9ve, 1988 \u00f3ta jelen van Magyarorsz\u00e1gon.<\/p>","protected":false},"author":2,"featured_media":0,"parent":0,"menu_order":0,"comment_status":"closed","ping_status":"closed","template":"elementor_header_footer","meta":{"footnotes":""},"class_list":["post-619","page","type-page","status-publish","hentry"],"_links":{"self":[{"href":"https:\/\/kalrental.com\/de\/wp-json\/wp\/v2\/pages\/619","targetHints":{"allow":["GET"]}}],"collection":[{"href":"https:\/\/kalrental.com\/de\/wp-json\/wp\/v2\/pages"}],"about":[{"href":"https:\/\/kalrental.com\/de\/wp-json\/wp\/v2\/types\/page"}],"author":[{"embeddable":true,"href":"https:\/\/kalrental.com\/de\/wp-json\/wp\/v2\/users\/2"}],"replies":[{"embeddable":true,"href":"https:\/\/kalrental.com\/de\/wp-json\/wp\/v2\/comments?post=619"}],"version-history":[{"count":19,"href":"https:\/\/kalrental.com\/de\/wp-json\/wp\/v2\/pages\/619\/revisions"}],"predecessor-version":[{"id":648,"href":"https:\/\/kalrental.com\/de\/wp-json\/wp\/v2\/pages\/619\/revisions\/648"}],"wp:attachment":[{"href":"https:\/\/kalrental.com\/de\/wp-json\/wp\/v2\/media?parent=619"}],"curies":[{"name":"wp","href":"https:\/\/api.w.org\/{rel}","templated":true}]}}