{"id":883,"date":"2023-01-18T13:04:03","date_gmt":"2023-01-18T12:04:03","guid":{"rendered":"https:\/\/foxautorent.com\/?page_id=883"},"modified":"2024-02-21T11:41:59","modified_gmt":"2024-02-21T10:41:59","slug":"mietwagen-unfalle","status":"publish","type":"page","link":"https:\/\/kalrental.com\/de\/mietwagen-unfalle\/","title":{"rendered":"Rental Car Accidents"},"content":{"rendered":"<div data-elementor-type=\"wp-page\" data-elementor-id=\"883\" class=\"elementor elementor-883\" data-elementor-post-type=\"page\">\n\t\t\t\t\t\t<section class=\"elementor-section elementor-top-section elementor-element elementor-element-3a52137d elementor-section-boxed elementor-section-height-default elementor-section-height-default\" data-id=\"3a52137d\" data-element_type=\"section\" data-settings=\"{&quot;background_background&quot;:&quot;classic&quot;}\">\n\t\t\t\t\t\t<div class=\"elementor-container elementor-column-gap-default\">\n\t\t\t\t\t<div class=\"elementor-column elementor-col-100 elementor-top-column elementor-element elementor-element-2adeb3a9\" data-id=\"2adeb3a9\" data-element_type=\"column\">\n\t\t\t<div class=\"elementor-widget-wrap elementor-element-populated\">\n\t\t\t\t\t\t<div class=\"elementor-element elementor-element-488b682 elementor-widget elementor-widget-heading\" data-id=\"488b682\" data-element_type=\"widget\" data-widget_type=\"heading.default\">\n\t\t\t\t<div class=\"elementor-widget-container\">\n\t\t\t\t\t<h2 class=\"elementor-heading-title elementor-size-default\"><p class=\"MsoNormal\">Im Falle eines Unfalls<span style=\"color: var( --e-global-color-3662f13 );font-size: 2rem\"><\/span><\/p><\/h2>\t\t\t\t<\/div>\n\t\t\t\t<\/div>\n\t\t\t\t\t<\/div>\n\t\t<\/div>\n\t\t\t\t\t<\/div>\n\t\t<\/section>\n\t\t\t\t<section class=\"elementor-section elementor-top-section elementor-element elementor-element-411d5bec elementor-section-boxed elementor-section-height-default elementor-section-height-default\" data-id=\"411d5bec\" data-element_type=\"section\" data-settings=\"{&quot;background_background&quot;:&quot;classic&quot;}\">\n\t\t\t\t\t\t<div class=\"elementor-container elementor-column-gap-default\">\n\t\t\t\t\t<div class=\"elementor-column elementor-col-100 elementor-top-column elementor-element elementor-element-2308da0c\" data-id=\"2308da0c\" data-element_type=\"column\">\n\t\t\t<div class=\"elementor-widget-wrap elementor-element-populated\">\n\t\t\t\t\t\t<div class=\"elementor-element elementor-element-12078b8 elementor-align-center elementor-widget elementor-widget-button\" data-id=\"12078b8\" data-element_type=\"widget\" data-widget_type=\"button.default\">\n\t\t\t\t<div class=\"elementor-widget-container\">\n\t\t\t\t\t\t\t\t\t<div class=\"elementor-button-wrapper\">\n\t\t\t\t\t<a class=\"elementor-button elementor-button-link elementor-size-sm\" href=\"#\">\n\t\t\t\t\t\t<span class=\"elementor-button-content-wrapper\">\n\t\t\t\t\t\t<span class=\"elementor-button-icon\">\n\t\t\t\t<i aria-hidden=\"true\" class=\"fas fa-car-crash\"><\/i>\t\t\t<\/span>\n\t\t\t\t\t\t\t\t<\/span>\n\t\t\t\t\t<\/a>\n\t\t\t\t<\/div>\n\t\t\t\t\t\t\t\t<\/div>\n\t\t\t\t<\/div>\n\t\t\t\t<div class=\"elementor-element elementor-element-51a2ed9 elementor-widget elementor-widget-text-editor\" data-id=\"51a2ed9\" data-element_type=\"widget\" data-widget_type=\"text-editor.default\">\n\t\t\t\t<div class=\"elementor-widget-container\">\n\t\t\t\t\t\t\t\t\t<h5><strong>Im Falle eines Unfalls kontaktieren Sie bitte KALRENTAL so schnell wie m\u00f6glich<\/strong><\/h5>\t\t\t\t\t\t\t\t<\/div>\n\t\t\t\t<\/div>\n\t\t\t\t<div class=\"elementor-element elementor-element-4ab03d94 elementor-widget elementor-widget-text-editor\" data-id=\"4ab03d94\" data-element_type=\"widget\" data-widget_type=\"text-editor.default\">\n\t\t\t\t<div class=\"elementor-widget-container\">\n\t\t\t\t\t\t\t\t\t<p>\u00a0Unsere Notrufnummer: +36704554001<br \/>Ein in den Unfall verwickelter Fahrer muss einen Unfallbericht ausf\u00fcllen und muss alle verf\u00fcgbaren Dokumente, F\u00fchrerschein, Fotos vom Unfall zusammen mit dem Unfallbericht dem Vermieter schicken.<\/p>\t\t\t\t\t\t\t\t<\/div>\n\t\t\t\t<\/div>\n\t\t\t\t\t<\/div>\n\t\t<\/div>\n\t\t\t\t\t<\/div>\n\t\t<\/section>\n\t\t\t\t<section class=\"elementor-section elementor-top-section elementor-element elementor-element-329211c elementor-section-boxed elementor-section-height-default elementor-section-height-default\" data-id=\"329211c\" data-element_type=\"section\" data-settings=\"{&quot;background_background&quot;:&quot;classic&quot;}\">\n\t\t\t\t\t\t<div class=\"elementor-container elementor-column-gap-default\">\n\t\t\t\t\t<div class=\"elementor-column elementor-col-100 elementor-top-column elementor-element elementor-element-5c5506da\" data-id=\"5c5506da\" data-element_type=\"column\">\n\t\t\t<div class=\"elementor-widget-wrap elementor-element-populated\">\n\t\t\t\t\t\t<div class=\"elementor-element elementor-element-232025dd elementor-widget elementor-widget-text-editor\" data-id=\"232025dd\" data-element_type=\"widget\" data-widget_type=\"text-editor.default\">\n\t\t\t\t<div class=\"elementor-widget-container\">\n\t\t\t\t\t\t\t\t\t<p><span style=\"font-size: 12.0pt; line-height: 107%;\">Was ist zu tun,<\/span><span style=\"font-size: 12.0pt; line-height: 107%;\">wenn Sie in einen Unfall verwickelt sind oder Zeuge eines Unfalls sind:<\/span><\/p>\n<p style=\"text-indent: -18.0pt; mso-list: l0 level1 lfo1;\"><!-- [if !supportLists]-->1.<span style=\"font-variant-numeric: normal; font-variant-east-asian: normal; font-stretch: normal; font-size: 7pt; line-height: normal; font-family: 'Times New Roman';\">&nbsp;&nbsp;&nbsp;&nbsp;&nbsp;&nbsp; <\/span><!--[endif]-->Wenn es sicher und legal ist, parkieren Sie mit Ihrem Auto.<\/p>\n<p style=\"text-indent: -18.0pt; mso-list: l0 level1 lfo1;\"><!-- [if !supportLists]-->2.<span style=\"font-variant-numeric: normal; font-variant-east-asian: normal; font-stretch: normal; font-size: 7pt; line-height: normal; font-family: 'Times New Roman';\">&nbsp;&nbsp;&nbsp;&nbsp;&nbsp;&nbsp; <\/span><!--[endif]-->Rufen Sie die Notrufnummer 112 und wenn es n\u00f6tig ist, die Ambulanz.<\/p>\n<p style=\"text-indent: -18.0pt; mso-list: l0 level1 lfo1;\"><!-- [if !supportLists]-->3.<span style=\"font-variant-numeric: normal; font-variant-east-asian: normal; font-stretch: normal; font-size: 7pt; line-height: normal; font-family: 'Times New Roman';\">&nbsp;&nbsp;&nbsp;&nbsp;&nbsp;&nbsp; <\/span><!--[endif]-->Wenn es sicher und legal ist, stellen Sie das Auto von der Stra\u00dfe ab (wenn Sie darin nicht sicher sind, fragen Sie die Polizei).<\/p>\n<p style=\"text-indent: -18.0pt; mso-list: l0 level1 lfo1;\"><!-- [if !supportLists]-->4.<span style=\"font-variant-numeric: normal; font-variant-east-asian: normal; font-stretch: normal; font-size: 7pt; line-height: normal; font-family: 'Times New Roman';\">&nbsp;&nbsp;&nbsp;&nbsp;&nbsp;&nbsp; <\/span><!--[endif]-->Stellen Sie den Motor des Fahrzeugs ab.<\/p>\n<p style=\"text-indent: -18.0pt; mso-list: l0 level1 lfo1;\"><!-- [if !supportLists]-->5.<span style=\"font-variant-numeric: normal; font-variant-east-asian: normal; font-stretch: normal; font-size: 7pt; line-height: normal; font-family: 'Times New Roman';\">&nbsp;&nbsp;&nbsp;&nbsp;&nbsp;&nbsp; <\/span><!--[endif]-->\u00dcberzeugen Sie sich davon, ob die an einem Unfall beteiligte Person erste Hilfe ben\u00f6tigt.<\/p>\n<p style=\"text-indent: -18.0pt; mso-list: l0 level1 lfo1;\"><!-- [if !supportLists]-->6.<span style=\"font-variant-numeric: normal; font-variant-east-asian: normal; font-stretch: normal; font-size: 7pt; line-height: normal; font-family: 'Times New Roman';\">&nbsp;&nbsp;&nbsp;&nbsp;&nbsp;&nbsp; <\/span><!--[endif]-->Markieren Sie den Unfallort mit einem Warndreieck.<\/p>\n<p style=\"text-indent: -18.0pt; mso-list: l0 level1 lfo1;\"><!-- [if !supportLists]-->7.<span style=\"font-variant-numeric: normal; font-variant-east-asian: normal; font-stretch: normal; font-size: 7pt; line-height: normal; font-family: 'Times New Roman';\">&nbsp;&nbsp;&nbsp;&nbsp;&nbsp;&nbsp; <\/span><!--[endif]-->Sammeln Sie die Namen der am Unfall beteiligten Personen und der Zeugen auch.<\/p>\n<p style=\"text-indent: -18.0pt; mso-list: l0 level1 lfo1;\" class=\"translation-block\">Zeichnen und fotografieren Sie schnell den Unfallort, die Verortung der Insassen und die Richtung der Fahrzeuge.<\/p>\n<p style=\"text-indent: -18.0pt; mso-list: l0 level1 lfo1;\"><!-- [if !supportLists]-->9.<span style=\"font-variant-numeric: normal; font-variant-east-asian: normal; font-stretch: normal; font-size: 7pt; line-height: normal; font-family: 'Times New Roman';\">&nbsp;&nbsp;&nbsp;&nbsp;&nbsp;&nbsp; <\/span><!--[endif]-->Fragen Sie den Fahrer des anderen Fahrzeugs nach seinem F\u00fchrerschein und notieren Sie seine Nummer.<\/p>\n<p style=\"text-indent: -18.0pt; mso-list: l0 level1 lfo1;\"><!-- [if !supportLists]-->10.<span style=\"font-variant-numeric: normal; font-variant-east-asian: normal; font-stretch: normal; font-size: 7pt; line-height: normal; font-family: 'Times New Roman';\">&nbsp;&nbsp; <\/span><!--[endif]-->Notieren Sie die Namen der Versicherungsgesellschaften. VERURTEILEN Sie den Misset\u00e4ter NICHT und ziehen Sie vor der Intervention der Polizei keine Schlussfolgerungen.<\/p>\n<p style=\"text-indent: -18.0pt; mso-list: l0 level1 lfo1;\"><!-- [if !supportLists]-->11.<span style=\"font-variant-numeric: normal; font-variant-east-asian: normal; font-stretch: normal; font-size: 7pt; line-height: normal; font-family: 'Times New Roman';\">&nbsp;&nbsp; <\/span><!--[endif]-->Verlangen Sie eine Kopie des Polizei- und Unfallberichts.<\/p>\n<p style=\"text-indent: -18.0pt; mso-list: l0 level1 lfo1;\"><!-- [if !supportLists]-->12.<span style=\"font-variant-numeric: normal; font-variant-east-asian: normal; font-stretch: normal; font-size: 7pt; line-height: normal; font-family: 'Times New Roman';\">&nbsp;&nbsp; <\/span><!--[endif]-->Nehmen Sie den Kontakt mit der Versicherungsgesellschaft so schnell wie m\u00f6glich auf.<\/p>\n<p>Anmerkung: Helfen Sie in einer lebensbedrohlichen Situation nicht, wenn Sie daf\u00fcr nicht ausgebildet sind. W\u00e4hlen Sie 112 und bitten Sie so schnell wie m\u00f6glich um Hilfe.<\/p>\t\t\t\t\t\t\t\t<\/div>\n\t\t\t\t<\/div>\n\t\t\t\t\t<\/div>\n\t\t<\/div>\n\t\t\t\t\t<\/div>\n\t\t<\/section>\n\t\t\t\t<section class=\"elementor-section elementor-top-section elementor-element elementor-element-c32174a elementor-section-boxed elementor-section-height-default elementor-section-height-default\" data-id=\"c32174a\" data-element_type=\"section\" data-settings=\"{&quot;background_background&quot;:&quot;classic&quot;}\">\n\t\t\t\t\t\t<div class=\"elementor-container elementor-column-gap-default\">\n\t\t\t\t\t<div class=\"elementor-column elementor-col-33 elementor-top-column elementor-element elementor-element-0feafc2\" data-id=\"0feafc2\" data-element_type=\"column\">\n\t\t\t<div class=\"elementor-widget-wrap elementor-element-populated\">\n\t\t\t\t\t\t<div class=\"elementor-element elementor-element-9ca1844 elementor-absolute elementor-widget elementor-widget-text-editor\" data-id=\"9ca1844\" data-element_type=\"widget\" data-settings=\"{&quot;_position&quot;:&quot;absolute&quot;}\" data-widget_type=\"text-editor.default\">\n\t\t\t\t<div class=\"elementor-widget-container\">\n\t\t\t\t\t\t\t\t\t<h2 style=\"font-family: Roboto, sans-serif; color: #7a7a7a; text-align: center; background-color: #fbfbfb;\"><span style=\"font-weight: bolder;\">Auf diesem QR-Code finden Sie den einfachsten Weg, einen blau-gelben Bericht auszuf\u00fcllen. Laden Sie einfach die folgende App herunter.<\/span><\/h2>\t\t\t\t\t\t\t\t<\/div>\n\t\t\t\t<\/div>\n\t\t\t\t\t<\/div>\n\t\t<\/div>\n\t\t\t\t<div class=\"elementor-column elementor-col-33 elementor-top-column elementor-element elementor-element-bc32e3c\" data-id=\"bc32e3c\" data-element_type=\"column\">\n\t\t\t<div class=\"elementor-widget-wrap elementor-element-populated\">\n\t\t\t\t\t\t<div class=\"elementor-element elementor-element-0f99910 elementor-absolute elementor-view-default elementor-widget elementor-widget-icon\" data-id=\"0f99910\" data-element_type=\"widget\" data-settings=\"{&quot;_position&quot;:&quot;absolute&quot;}\" data-widget_type=\"icon.default\">\n\t\t\t\t<div class=\"elementor-widget-container\">\n\t\t\t\t\t\t\t<div class=\"elementor-icon-wrapper\">\n\t\t\t<div class=\"elementor-icon\">\n\t\t\t<i aria-hidden=\"true\" class=\"fas fa-angle-double-right\"><\/i>\t\t\t<\/div>\n\t\t<\/div>\n\t\t\t\t\t\t<\/div>\n\t\t\t\t<\/div>\n\t\t\t\t\t<\/div>\n\t\t<\/div>\n\t\t\t\t<div class=\"elementor-column elementor-col-33 elementor-top-column elementor-element elementor-element-c1a788c\" data-id=\"c1a788c\" data-element_type=\"column\">\n\t\t\t<div class=\"elementor-widget-wrap elementor-element-populated\">\n\t\t\t\t\t\t<div class=\"elementor-element elementor-element-ad2514b elementor-widget__width-initial elementor-widget elementor-widget-image\" data-id=\"ad2514b\" data-element_type=\"widget\" data-widget_type=\"image.default\">\n\t\t\t\t<div class=\"elementor-widget-container\">\n\t\t\t\t\t\t\t\t\t\t\t\t\t\t\t<img fetchpriority=\"high\" decoding=\"async\" width=\"300\" height=\"300\" src=\"https:\/\/kalrental.com\/wp-content\/uploads\/2024\/02\/1b84014e-76f7-4b45-8c13-cedf60d3b508.png\" class=\"attachment-large size-large wp-image-1429\" alt=\"\" srcset=\"https:\/\/kalrental.com\/wp-content\/uploads\/2024\/02\/1b84014e-76f7-4b45-8c13-cedf60d3b508.png 300w, https:\/\/kalrental.com\/wp-content\/uploads\/2024\/02\/1b84014e-76f7-4b45-8c13-cedf60d3b508-150x150.png 150w, https:\/\/kalrental.com\/wp-content\/uploads\/2024\/02\/1b84014e-76f7-4b45-8c13-cedf60d3b508-12x12.png 12w\" sizes=\"(max-width: 300px) 100vw, 300px\" \/>\t\t\t\t\t\t\t\t\t\t\t\t\t\t\t<\/div>\n\t\t\t\t<\/div>\n\t\t\t\t\t<\/div>\n\t\t<\/div>\n\t\t\t\t\t<\/div>\n\t\t<\/section>\n\t\t\t\t<\/div>","protected":false},"excerpt":{"rendered":"<p>If an Accident happen.. Should a rental car accident occur, drivers may contact KALRENTAL as soon as possible. \u00a0Nearest Location or Assistance +36704554001Drivers must also submit a written accident report, (And every document which is related to the accident. for example: pictures, driver license etc.) to the Rental agency. What to do if you are [&hellip;]<\/p>","protected":false},"author":1,"featured_media":0,"parent":0,"menu_order":0,"comment_status":"closed","ping_status":"closed","template":"elementor_header_footer","meta":{"footnotes":""},"class_list":["post-883","page","type-page","status-publish","hentry"],"_links":{"self":[{"href":"https:\/\/kalrental.com\/de\/wp-json\/wp\/v2\/pages\/883","targetHints":{"allow":["GET"]}}],"collection":[{"href":"https:\/\/kalrental.com\/de\/wp-json\/wp\/v2\/pages"}],"about":[{"href":"https:\/\/kalrental.com\/de\/wp-json\/wp\/v2\/types\/page"}],"author":[{"embeddable":true,"href":"https:\/\/kalrental.com\/de\/wp-json\/wp\/v2\/users\/1"}],"replies":[{"embeddable":true,"href":"https:\/\/kalrental.com\/de\/wp-json\/wp\/v2\/comments?post=883"}],"version-history":[{"count":29,"href":"https:\/\/kalrental.com\/de\/wp-json\/wp\/v2\/pages\/883\/revisions"}],"predecessor-version":[{"id":1614,"href":"https:\/\/kalrental.com\/de\/wp-json\/wp\/v2\/pages\/883\/revisions\/1614"}],"wp:attachment":[{"href":"https:\/\/kalrental.com\/de\/wp-json\/wp\/v2\/media?parent=883"}],"curies":[{"name":"wp","href":"https:\/\/api.w.org\/{rel}","templated":true}]}}