{"id":471,"date":"2022-12-06T08:58:14","date_gmt":"2022-12-06T07:58:14","guid":{"rendered":"https:\/\/foxautorent.com.ethereal.hu\/?page_id=471"},"modified":"2024-04-18T15:15:08","modified_gmt":"2024-04-18T14:15:08","slug":"autoberles","status":"publish","type":"page","link":"https:\/\/kalrental.com\/he\/autoberles\/","title":{"rendered":"Aut\u00f3b\u00e9rl\u00e9s"},"content":{"rendered":"<div data-elementor-type=\"wp-page\" data-elementor-id=\"471\" class=\"elementor elementor-471\" data-elementor-post-type=\"page\">\n\t\t\t\t\t\t<section class=\"elementor-section elementor-top-section elementor-element elementor-element-e143f5e elementor-section-boxed elementor-section-height-default elementor-section-height-default\" data-id=\"e143f5e\" data-element_type=\"section\" data-settings=\"{&quot;background_background&quot;:&quot;classic&quot;}\">\n\t\t\t\t\t\t<div class=\"elementor-container elementor-column-gap-default\">\n\t\t\t\t\t<div class=\"elementor-column elementor-col-100 elementor-top-column elementor-element elementor-element-773eae8\" data-id=\"773eae8\" data-element_type=\"column\">\n\t\t\t<div class=\"elementor-widget-wrap elementor-element-populated\">\n\t\t\t\t\t\t<div class=\"elementor-element elementor-element-c3ad0cd elementor-widget elementor-widget-shortcode\" data-id=\"c3ad0cd\" data-element_type=\"widget\" data-widget_type=\"shortcode.default\">\n\t\t\t\t<div class=\"elementor-widget-container\">\n\t\t\t\t\t\t\t<div class=\"elementor-shortcode\">\n<div class=\"wrap plugin-container\">\n\n\t\n\t\n\t\t\t<script type=\"text\/javascript\">\r\n\t\tjQuery(function() {\r\n\t\t\tjQuery(\".vrcmodal\").fancybox({\r\n\t\t\t\ttype: \"iframe\",\r\n\t\t\t\tiframe: {\r\n\t\t\t\t\tcss: {\r\n\t\t\t\t\t\twidth: \"75%\",\r\n\t\t\t\t\t\theight: \"75%\"\r\n\t\t\t\t\t}\r\n\t\t\t\t}\r\n\t\t\t});\r\n\t\t});\r\n\t\t<\/script>\r\n\t\t<h3 class=\"vrc-main-title\">KALRENTAL<\/h3><div class=\"vrcdivsearch\"><div class=\"vrcdivsearch-inner\"><form action=\"https:\/\/kalrental.com\/he\/autoberles\/?option=com_vikrentcar\" method=\"post\" onsubmit=\"return vrcValidateSearch();\" data-trp-original-action=\"https:\/\/kalrental.com\/he\/autoberles\/?option=com_vikrentcar\">\n<input type=\"hidden\" name=\"option\" value=\"com_vikrentcar\"\/>\n<input type=\"hidden\" name=\"task\" value=\"search\"\/>\n<div class=\"vrc-searchf-section-locations\">\n<div class=\"vrcsfentrycont\"><label for=\"place\">\u05d1\u05d7\u05e8 \u05de\u05d9\u05e7\u05d5\u05dd<\/label><div class=\"vrcsfentryselect\"><select name=\"place\" id=\"place\"><option value=\"1\" id=\"place1\">Vienna Airport<\/option>\n<option value=\"2\" id=\"place2\">Vienna Downtown<\/option>\n<option value=\"4\" id=\"place4\">Budapest Airport<\/option>\n<option value=\"3\" id=\"place3\">Budapest Downtown<\/option>\n<\/select><\/div><\/div>\n<div class=\"vrcsfentrycont\"><label for=\"returnplace\">\u05de\u05d9\u05e7\u05d5\u05dd \u05d4\u05d5\u05e8\u05d3\u05d4<\/label><div class=\"vrcsfentryselect\"><select name=\"returnplace\" id=\"returnplace\"><option value=\"1\" id=\"returnplace1\">Vienna Airport<\/option>\n<option value=\"2\" id=\"returnplace2\">Vienna Downtown<\/option>\n<option value=\"4\" id=\"returnplace4\">Budapest Airport<\/option>\n<option value=\"3\" id=\"returnplace3\">Budapest Downtown<\/option>\n<\/select><\/div><\/div>\n<\/div>\n<div class=\"vrc-searchf-section-datetimes\">\n<div class=\"vrcsfentrycont\">\n\t<div class=\"vrcsfentrylabsel\">\n\t\t<label for=\"pickupdate\">\u05d1\u05d7\u05e8 \u05ea\u05d0\u05e8\u05d9\u05da<\/label>\n\t\t<div class=\"vrcsfentrydate\">\n\t\t\t<input type=\"text\" name=\"pickupdate\" id=\"pickupdate\" size=\"10\" autocomplete=\"off\" onfocus=\"this.blur();\" readonly><i class=\"far fa-calendar-alt vrc-caltrigger\"><\/i>\n\t\t<\/div>\n\t<\/div>\n\t<div class=\"vrcsfentrytime\">\n\t\t<label for=\"pickuph\">\u05d6\u05de\u05df \u05d0\u05d9\u05e1\u05d5\u05e3<\/label>\n\t\t<div class=\"vrc-sf-time-container\">\n\t\t\t<span id=\"vrccomselph\"><select id=\"pickuph\" name=\"pickuph\"><option value=\"8\">08<\/option>\n<option value=\"9\">09<\/option>\n<option value=\"10\">10<\/option>\n<option value=\"11\">11<\/option>\n<option value=\"12\">12<\/option>\n<option value=\"13\">13<\/option>\n<option value=\"14\">14<\/option>\n<option value=\"15\">15<\/option>\n<option value=\"16\">16<\/option>\n<option value=\"17\">17<\/option>\n<option value=\"18\">18<\/option>\n<option value=\"19\">19<\/option>\n<option value=\"20\">20<\/option>\n<\/select><\/span>\n\t\t\t<span class=\"vrctimesep\">:<\/span>\n\t\t\t<span id=\"vrccomselpm\"><select name=\"pickupm\"><option value=\"0\" selected=\"selected\">00<\/option>\n<option value=\"15\">15<\/option>\n<option value=\"30\">30<\/option>\n<option value=\"45\">45<\/option>\n<\/select><\/span>\n\t\t<\/div>\n\t<\/div>\n<\/div>\n<div class=\"vrcsfentrycont\">\n\t<div class=\"vrcsfentrylabsel\">\n\t\t<label for=\"releasedate\">\u05ea\u05d0\u05e8\u05d9\u05da \u05d9\u05e6\u05d9\u05d0\u05d4<\/label>\n\t\t<div class=\"vrcsfentrydate\">\n\t\t\t<input type=\"text\" name=\"releasedate\" id=\"releasedate\" size=\"10\" autocomplete=\"off\" onfocus=\"this.blur();\" readonly><i class=\"far fa-calendar-alt vrc-caltrigger\"><\/i>\n\t\t<\/div>\n\t<\/div>\n\t<div class=\"vrcsfentrytime\">\n\t\t<label for=\"releaseh\">\u05d6\u05de\u05df \u05d4\u05d7\u05d6\u05e8\u05d4<\/label>\n\t\t<div class=\"vrc-sf-time-container\">\n\t\t\t<span id=\"vrccomseldh\"><select id=\"releaseh\" name=\"releaseh\"><option value=\"8\">08<\/option>\n<option value=\"9\">09<\/option>\n<option value=\"10\">10<\/option>\n<option value=\"11\">11<\/option>\n<option value=\"12\">12<\/option>\n<option value=\"13\">13<\/option>\n<option value=\"14\">14<\/option>\n<option value=\"15\">15<\/option>\n<option value=\"16\">16<\/option>\n<option value=\"17\">17<\/option>\n<option value=\"18\">18<\/option>\n<option value=\"19\">19<\/option>\n<option value=\"20\">20<\/option>\n<\/select><\/span>\n\t\t\t<span class=\"vrctimesep\">:<\/span>\n\t\t\t<span id=\"vrccomseldm\"><select name=\"releasem\"><option value=\"0\" selected=\"selected\">00<\/option>\n<option value=\"15\">15<\/option>\n<option value=\"30\">30<\/option>\n<option value=\"45\">45<\/option>\n<\/select><\/span>\n\t\t<\/div>\n\t<\/div>\n<\/div>\n<\/div>\n<div class=\"vrc-searchf-section-categories\"><div class=\"vrcsfentrycont\"><label for=\"vrc-categories\">\u05e7\u05d8\u05d2\u05d5\u05e8\u05d9\u05d9\u05ea \u05e8\u05db\u05d1<\/label><div class=\"vrcsfentryselect\"><select id=\"vrc-categories\" name=\"categories\"><option value=\"all\">Any<\/option>\n<option value=\"1\">\u05db\u05bc\u05b7\u05dc\u05b0\u05db\u05bc\u05b8\u05dc\u05b8\u05d4<\/option>\n<option value=\"2\">\u05e7\u05d5\u05b9\u05de\u05e4\u05bc\u05b8\u05e7\u05d8\u05b4\u05d9<\/option>\n<option value=\"3\">SUV<\/option>\n<option value=\"4\">\u05e0\u05db\u05e1<\/option>\n<option value=\"5\">\u05de\u05d9\u05e0\u05d9\u05d1\u05d5\u05e1<\/option>\n<option value=\"6\">Hybrid<\/option>\n<option value=\"7\">Premium<\/option>\n<\/select><\/div><\/div>\n<\/div><div class=\"vrc-searchf-section-sbmt\"><div class=\"vrcsfentrycont\"><div class=\"vrcsfentrysubmit\"><input type=\"submit\" name=\"search\" value=\"\u05dc\u05d7\u05e4\u05e9\" class=\"btn vrc-search-btn vrc-pref-color-btn\"\/><\/div><\/div>\n<\/div><input type=\"hidden\" name=\"trp-form-language\" value=\"he\"\/><\/div>\n<div class=\"vrclocationsbox\"><div class=\"vrclocationsmapdiv\"><a href=\"https:\/\/kalrental.com\/he\/autoberles\/?view=locationsmap&tmpl=component\" class=\"vrcmodal\" target=\"_blank\"><i class=\"fas fa-map-marked-alt\"><\/i> <span>\u05d4\u05e6\u05d2 \u05d0\u05ea \u05de\u05e4\u05ea \u05d4\u05de\u05d9\u05e7\u05d5\u05de\u05d9\u05dd<\/span><\/a><\/div><\/div><\/form><\/div>\t<script type=\"text\/javascript\">\r\n\tfunction vrcCleanNumber(snum) {\r\n\t\tif (snum.length > 1 && snum.substr(0, 1) == '0') {\r\n\t\t\treturn parseInt(snum.substr(1));\r\n\t\t}\r\n\t\treturn parseInt(snum);\r\n\t}\r\n\tfunction vrcFormatTime(h, m) {\r\n\t\tvar time_format = 'H:i';\r\n\t\tvar time_ftfour = (time_format == 'H:i');\r\n\t\tvar time_ampm = '';\r\n\t\tif (!time_ftfour) {\r\n\t\t\tif (h >= 12 && h < 24) {\r\n\t\t\t\ttime_ampm = ' PM';\r\n\t\t\t\tif (h > 12) {\r\n\t\t\t\t\th -= 12;\r\n\t\t\t\t}\r\n\t\t\t} else {\r\n\t\t\t\ttime_ampm = ' AM';\r\n\t\t\t}\r\n\t\t}\r\n\t\treturn (h < 10 ? ('0' + h) : h) + ':' + ((m < 10 ? ('0' + m) : m)) + time_ampm;\r\n\t}\r\n\tfunction vrcValidateSearch() {\r\n\t\tif (typeof jQuery === 'undefined' || typeof vrc_wopening_pick === 'undefined') {\r\n\t\t\treturn true;\r\n\t\t}\r\n\t\tif (vrc_mopening_pick !== null) {\r\n\t\t\t\/\/ pickup time\r\n\t\t\tvar pickh = jQuery('#vrccomselph').find('select').val();\r\n\t\t\tvar pickm = jQuery('#vrccomselpm').find('select').val();\r\n\t\t\tif (!pickh || !pickh.length || !pickm) {\r\n\t\t\t\treturn true;\r\n\t\t\t}\r\n\t\t\tpickh = vrcCleanNumber(pickh);\r\n\t\t\tpickm = vrcCleanNumber(pickm);\r\n\t\t\tif (pickh == vrc_mopening_pick[0]) {\r\n\t\t\t\tif (pickm < vrc_mopening_pick[1]) {\r\n\t\t\t\t\t\/\/ location is still closed at this time\r\n\t\t\t\t\tjQuery('#vrccomselpm').find('select').html('<option value=\"'+vrc_mopening_pick[1]+'\">'+(vrc_mopening_pick[1] < 10 ? '0'+vrc_mopening_pick[1] : vrc_mopening_pick[1])+'<\/option>').val(vrc_mopening_pick[1]);\r\n\t\t\t\t\talert(Joomla.JText._('VRC_LOC_WILL_OPEN_TIME').replace('%s', vrcFormatTime(vrc_mopening_pick[0], vrc_mopening_pick[1])));\r\n\t\t\t\t\t\/\/ do not return false as we are overwriting the pickup time\r\n\t\t\t\t\t\/\/ return false;\r\n\t\t\t\t}\r\n\t\t\t}\r\n\t\t\tif (pickh == vrc_mopening_pick[2]) {\r\n\t\t\t\tif (pickm > vrc_mopening_pick[3]) {\r\n\t\t\t\t\t\/\/ location is already closed at this time for a pick up\r\n\t\t\t\t\tjQuery('#vrccomselpm').find('select').html('<option value=\"'+vrc_mopening_pick[3]+'\">'+(vrc_mopening_pick[3] < 10 ? '0'+vrc_mopening_pick[3] : vrc_mopening_pick[3])+'<\/option>').val(vrc_mopening_pick[3]);\r\n\t\t\t\t\talert(Joomla.JText._('VRC_LOC_WILL_CLOSE_TIME').replace('%s', vrcFormatTime(vrc_mopening_pick[2], vrc_mopening_pick[3])));\r\n\t\t\t\t\t\/\/ do not return false as we are overwriting the pickup time\r\n\t\t\t\t\t\/\/ return false;\r\n\t\t\t\t}\r\n\t\t\t}\r\n\t\t\t\/\/ check for breaks\r\n\t\t\tif (vrc_mopening_pick[4] && vrc_mopening_pick[4].length) {\r\n\t\t\t\tfor (var b = 0; b < vrc_mopening_pick[4].length; b++) {\r\n\t\t\t\t\tif (!vrc_mopening_pick[4][b].hasOwnProperty('fh')) {\r\n\t\t\t\t\t\tcontinue;\r\n\t\t\t\t\t}\r\n\t\t\t\t\tvar break_mess = Joomla.JText._('VRC_PICKLOC_IS_ON_BREAK_TIME_FROM_TO')\r\n\t\t\t\t\t\t.replace('%s', vrcFormatTime(vrc_mopening_pick[4][b]['fh'], vrc_mopening_pick[4][b]['fm']))\r\n\t\t\t\t\t\t.replace('%s', vrcFormatTime(vrc_mopening_pick[4][b]['th'], vrc_mopening_pick[4][b]['tm']));\r\n\t\t\t\t\tvar break_from_secs = (vrc_mopening_pick[4][b]['fh'] * 3600) + (vrc_mopening_pick[4][b]['fm'] * 60);\r\n\t\t\t\t\tvar break_to_secs = (vrc_mopening_pick[4][b]['th'] * 3600) + (vrc_mopening_pick[4][b]['tm'] * 60);\r\n\t\t\t\t\tvar pick_secs = (pickh * 3600) + (pickm * 60);\r\n\t\t\t\t\tif (pick_secs > break_from_secs && pick_secs < break_to_secs) {\r\n\t\t\t\t\t\t\/\/ the location is on break at this time\r\n\t\t\t\t\t\talert(break_mess);\r\n\t\t\t\t\t\treturn false;\r\n\t\t\t\t\t} else if (vrc_mopening_pick[4][b]['fh'] > vrc_mopening_pick[4][b]['th'] && pick_secs < break_from_secs && pick_secs < break_to_secs) {\r\n\t\t\t\t\t\t\/\/ overnight break, with time after midnight\r\n\t\t\t\t\t\talert(break_mess);\r\n\t\t\t\t\t\treturn false;\r\n\t\t\t\t\t} else if (vrc_mopening_pick[4][b]['fh'] > vrc_mopening_pick[4][b]['th'] && pick_secs > break_from_secs && pick_secs > break_to_secs) {\r\n\t\t\t\t\t\t\/\/ overnight break, with time before midnight\r\n\t\t\t\t\t\talert(break_mess);\r\n\t\t\t\t\t\treturn false;\r\n\t\t\t\t\t}\r\n\t\t\t\t}\r\n\t\t\t}\r\n\t\t}\r\n\r\n\t\tif (vrc_mopening_drop !== null) {\r\n\t\t\t\/\/ dropoff time\r\n\t\t\tvar droph = jQuery('#vrccomseldh').find('select').val();\r\n\t\t\tvar dropm = jQuery('#vrccomseldm').find('select').val();\r\n\t\t\tif (!droph || !droph.length || !dropm) {\r\n\t\t\t\treturn true;\r\n\t\t\t}\r\n\t\t\tdroph = vrcCleanNumber(droph);\r\n\t\t\tdropm = vrcCleanNumber(dropm);\r\n\t\t\tif (droph == vrc_mopening_drop[0]) {\r\n\t\t\t\tif (dropm > vrc_mopening_drop[1]) {\r\n\t\t\t\t\t\/\/ location is already closed at this time\r\n\t\t\t\t\tjQuery('#vrccomseldm').find('select').html('<option value=\"'+vrc_mopening_drop[1]+'\">'+(vrc_mopening_drop[1] < 10 ? '0'+vrc_mopening_drop[1] : vrc_mopening_drop[1])+'<\/option>').val(vrc_mopening_drop[1]);\r\n\t\t\t\t\talert(Joomla.JText._('VRC_LOC_WILL_CLOSE_TIME').replace('%s', vrcFormatTime(vrc_mopening_drop[0], vrc_mopening_drop[1])));\r\n\t\t\t\t\t\/\/ do not return false as we are overwriting the drop off time\r\n\t\t\t\t\t\/\/ return false;\r\n\t\t\t\t}\r\n\t\t\t}\r\n\t\t\tif (droph == vrc_mopening_drop[2]) {\r\n\t\t\t\tif (dropm < vrc_mopening_drop[3]) {\r\n\t\t\t\t\t\/\/ location is still closed at this time for a drop off\r\n\t\t\t\t\tjQuery('#vrccomseldm').find('select').html('<option value=\"'+vrc_mopening_drop[3]+'\">'+(vrc_mopening_drop[3] < 10 ? '0'+vrc_mopening_drop[3] : vrc_mopening_drop[3])+'<\/option>').val(vrc_mopening_drop[3]);\r\n\t\t\t\t\talert(Joomla.JText._('VRC_LOC_WILL_OPEN_TIME').replace('%s', vrcFormatTime(vrc_mopening_drop[2], vrc_mopening_drop[3])));\r\n\t\t\t\t\t\/\/ do not return false as we are overwriting the drop off time\r\n\t\t\t\t\t\/\/ return false;\r\n\t\t\t\t}\r\n\t\t\t}\r\n\t\t\t\/\/ check for breaks\r\n\t\t\tif (vrc_mopening_drop[4] && vrc_mopening_drop[4].length) {\r\n\t\t\t\tfor (var b = 0; b < vrc_mopening_drop[4].length; b++) {\r\n\t\t\t\t\tif (!vrc_mopening_drop[4][b].hasOwnProperty('fh')) {\r\n\t\t\t\t\t\tcontinue;\r\n\t\t\t\t\t}\r\n\t\t\t\t\tvar break_mess = Joomla.JText._('VRC_DROPLOC_IS_ON_BREAK_TIME_FROM_TO')\r\n\t\t\t\t\t\t.replace('%s', vrcFormatTime(vrc_mopening_drop[4][b]['fh'], vrc_mopening_drop[4][b]['fm']))\r\n\t\t\t\t\t\t.replace('%s', vrcFormatTime(vrc_mopening_drop[4][b]['th'], vrc_mopening_drop[4][b]['tm']));\r\n\t\t\t\t\tvar break_from_secs = (vrc_mopening_drop[4][b]['fh'] * 3600) + (vrc_mopening_drop[4][b]['fm'] * 60);\r\n\t\t\t\t\tvar break_to_secs = (vrc_mopening_drop[4][b]['th'] * 3600) + (vrc_mopening_drop[4][b]['tm'] * 60);\r\n\t\t\t\t\tvar drop_secs = (droph * 3600) + (dropm * 60);\r\n\t\t\t\t\tif (drop_secs > break_from_secs && drop_secs < break_to_secs) {\r\n\t\t\t\t\t\t\/\/ the location is on break at this time\r\n\t\t\t\t\t\talert(break_mess);\r\n\t\t\t\t\t\treturn false;\r\n\t\t\t\t\t} else if (vrc_mopening_drop[4][b]['fh'] > vrc_mopening_drop[4][b]['th'] && drop_secs < break_from_secs && drop_secs < break_to_secs) {\r\n\t\t\t\t\t\t\/\/ overnight break, with time after midnight\r\n\t\t\t\t\t\talert(break_mess);\r\n\t\t\t\t\t\treturn false;\r\n\t\t\t\t\t} else if (vrc_mopening_drop[4][b]['fh'] > vrc_mopening_drop[4][b]['th'] && drop_secs > break_from_secs && drop_secs > break_to_secs) {\r\n\t\t\t\t\t\t\/\/ overnight break, with time before midnight\r\n\t\t\t\t\t\talert(break_mess);\r\n\t\t\t\t\t\treturn false;\r\n\t\t\t\t\t}\r\n\t\t\t\t}\r\n\t\t\t}\r\n\t\t}\r\n\r\n\t\treturn true;\r\n\t}\r\n\t<\/script>\r\n\t\n<\/div>\n<\/div>\n\t\t\t\t\t\t<\/div>\n\t\t\t\t<\/div>\n\t\t\t\t\t<\/div>\n\t\t<\/div>\n\t\t\t\t\t<\/div>\n\t\t<\/section>\n\t\t\t\t<\/div>","protected":false},"excerpt":{"rendered":"","protected":false},"author":1,"featured_media":0,"parent":0,"menu_order":0,"comment_status":"closed","ping_status":"closed","template":"elementor_header_footer","meta":{"footnotes":""},"class_list":["post-471","page","type-page","status-publish","hentry"],"_links":{"self":[{"href":"https:\/\/kalrental.com\/he\/wp-json\/wp\/v2\/pages\/471","targetHints":{"allow":["GET"]}}],"collection":[{"href":"https:\/\/kalrental.com\/he\/wp-json\/wp\/v2\/pages"}],"about":[{"href":"https:\/\/kalrental.com\/he\/wp-json\/wp\/v2\/types\/page"}],"author":[{"embeddable":true,"href":"https:\/\/kalrental.com\/he\/wp-json\/wp\/v2\/users\/1"}],"replies":[{"embeddable":true,"href":"https:\/\/kalrental.com\/he\/wp-json\/wp\/v2\/comments?post=471"}],"version-history":[{"count":49,"href":"https:\/\/kalrental.com\/he\/wp-json\/wp\/v2\/pages\/471\/revisions"}],"predecessor-version":[{"id":1538,"href":"https:\/\/kalrental.com\/he\/wp-json\/wp\/v2\/pages\/471\/revisions\/1538"}],"wp:attachment":[{"href":"https:\/\/kalrental.com\/he\/wp-json\/wp\/v2\/media?parent=471"}],"curies":[{"name":"wp","href":"https:\/\/api.w.org\/{rel}","templated":true}]}}